{"id":45732,"date":"2025-11-17T10:40:59","date_gmt":"2025-11-17T10:40:59","guid":{"rendered":"https:\/\/www.incoax.com\/?page_id=45732"},"modified":"2025-12-03T11:22:06","modified_gmt":"2025-12-03T11:22:06","slug":"anwendungsfaelle","status":"publish","type":"page","link":"https:\/\/www.incoax.com\/de\/anwendungsfaelle\/","title":{"rendered":"Anwendungsf\u00e4lle"},"content":{"rendered":"\t\t<div data-elementor-type=\"wp-page\" data-elementor-id=\"45732\" class=\"elementor elementor-45732\" data-elementor-post-type=\"page\">\n\t\t\t\t<div class=\"elementor-element elementor-element-6dc152f e-flex e-con-boxed e-con e-parent\" data-id=\"6dc152f\" data-element_type=\"container\" data-e-type=\"container\" data-settings=\"{&quot;background_background&quot;:&quot;classic&quot;}\">\n\t\t\t\t\t<div class=\"e-con-inner\">\n\t\t\t\t<div class=\"elementor-element elementor-element-5f62575 elementor-widget elementor-widget-spacer\" data-id=\"5f62575\" data-element_type=\"widget\" data-e-type=\"widget\" data-widget_type=\"spacer.default\">\n\t\t\t\t<div class=\"elementor-widget-container\">\n\t\t\t\t\t\t\t<div class=\"elementor-spacer\">\n\t\t\t<div class=\"elementor-spacer-inner\"><\/div>\n\t\t<\/div>\n\t\t\t\t\t\t<\/div>\n\t\t\t\t<\/div>\n\t\t\t\t<div class=\"elementor-element elementor-element-386a9c1 elementor-widget elementor-widget-heading\" data-id=\"386a9c1\" data-element_type=\"widget\" data-e-type=\"widget\" data-widget_type=\"heading.default\">\n\t\t\t\t<div class=\"elementor-widget-container\">\n\t\t\t\t\t<h1 class=\"elementor-heading-title elementor-size-default\">Anwendungsf\u00e4lle<\/h1>\t\t\t\t<\/div>\n\t\t\t\t<\/div>\n\t\t\t\t\t<\/div>\n\t\t\t\t<\/div>\n\t\t<div class=\"elementor-element elementor-element-f24af7d e-flex e-con-boxed e-con e-parent\" data-id=\"f24af7d\" data-element_type=\"container\" data-e-type=\"container\" data-settings=\"{&quot;background_background&quot;:&quot;classic&quot;}\">\n\t\t\t\t\t<div class=\"e-con-inner\">\n\t\t\t\t<div class=\"elementor-element elementor-element-d113100 elementor-widget__width-initial elementor-widget elementor-widget-text-editor\" data-id=\"d113100\" data-element_type=\"widget\" data-e-type=\"widget\" data-widget_type=\"text-editor.default\">\n\t\t\t\t<div class=\"elementor-widget-container\">\n\t\t\t\t\t\t\t\t\t<p>Die InCoax-Technologie ist Backhaul-unabh\u00e4ngig und kann in mehreren Einsatzszenarien eingesetzt werden. Entdecken Sie die folgenden Anwendungsf\u00e4lle.<\/p>\t\t\t\t\t\t\t\t<\/div>\n\t\t\t\t<\/div>\n\t\t\t\t\t<\/div>\n\t\t\t\t<\/div>\n\t\t<div class=\"elementor-element elementor-element-01f8040 e-flex e-con-boxed e-con e-parent\" data-id=\"01f8040\" data-element_type=\"container\" data-e-type=\"container\" data-settings=\"{&quot;background_background&quot;:&quot;classic&quot;}\">\n\t\t\t\t\t<div class=\"e-con-inner\">\n\t\t<div class=\"elementor-element elementor-element-37f679c e-con-full e-flex e-con e-child\" data-id=\"37f679c\" data-element_type=\"container\" data-e-type=\"container\">\n\t\t\t\t<div class=\"elementor-element elementor-element-e82dd9b elementor-widget elementor-widget-image\" data-id=\"e82dd9b\" data-element_type=\"widget\" data-e-type=\"widget\" data-widget_type=\"image.default\">\n\t\t\t\t<div class=\"elementor-widget-container\">\n\t\t\t\t\t\t\t\t\t\t\t\t\t\t\t\t<a href=\"https:\/\/www.incoax.com\/fiber-extension\/\">\n\t\t\t\t\t\t\t<img fetchpriority=\"high\" decoding=\"async\" width=\"768\" height=\"512\" src=\"https:\/\/www.incoax.com\/wp-content\/uploads\/2025\/11\/shutterstock_1723278520-768x512.jpg\" class=\"attachment-medium_large size-medium_large wp-image-45255\" alt=\"Fiber Access Extension image\" srcset=\"https:\/\/www.incoax.com\/wp-content\/uploads\/2025\/11\/shutterstock_1723278520-768x512.jpg 768w, https:\/\/www.incoax.com\/wp-content\/uploads\/2025\/11\/shutterstock_1723278520-300x200.jpg 300w, https:\/\/www.incoax.com\/wp-content\/uploads\/2025\/11\/shutterstock_1723278520-1024x683.jpg 1024w, https:\/\/www.incoax.com\/wp-content\/uploads\/2025\/11\/shutterstock_1723278520-1536x1024.jpg 1536w, https:\/\/www.incoax.com\/wp-content\/uploads\/2025\/11\/shutterstock_1723278520-2048x1365.jpg 2048w, https:\/\/www.incoax.com\/wp-content\/uploads\/2025\/11\/shutterstock_1723278520-600x400.jpg 600w\" sizes=\"(max-width: 768px) 100vw, 768px\" \/>\t\t\t\t\t\t\t\t<\/a>\n\t\t\t\t\t\t\t\t\t\t\t\t\t\t\t<\/div>\n\t\t\t\t<\/div>\n\t\t\t\t<div class=\"elementor-element elementor-element-b703d8d elementor-widget elementor-widget-heading\" data-id=\"b703d8d\" data-element_type=\"widget\" data-e-type=\"widget\" data-widget_type=\"heading.default\">\n\t\t\t\t<div class=\"elementor-widget-container\">\n\t\t\t\t\t<h2 class=\"elementor-heading-title elementor-size-default\"><a href=\"https:\/\/www.incoax.com\/de\/glasfasererweiterung\/\" target=\"_blank\">Glasfasererweiterung<\/a><\/h2>\t\t\t\t<\/div>\n\t\t\t\t<\/div>\n\t\t\t\t<\/div>\n\t\t<div class=\"elementor-element elementor-element-5fed880 e-con-full e-flex e-con e-child\" data-id=\"5fed880\" data-element_type=\"container\" data-e-type=\"container\">\n\t\t\t\t<div class=\"elementor-element elementor-element-fff1082 elementor-widget elementor-widget-image\" data-id=\"fff1082\" data-element_type=\"widget\" data-e-type=\"widget\" data-widget_type=\"image.default\">\n\t\t\t\t<div class=\"elementor-widget-container\">\n\t\t\t\t\t\t\t\t\t\t\t\t\t\t\t\t<a href=\"https:\/\/www.incoax.com\/de\/fwa-erweiterung\/\">\n\t\t\t\t\t\t\t<img decoding=\"async\" width=\"768\" height=\"512\" src=\"https:\/\/www.incoax.com\/wp-content\/uploads\/2025\/11\/shutterstock_688663867-768x512.jpg\" class=\"attachment-medium_large size-medium_large wp-image-45252\" alt=\"FWA extension image\" srcset=\"https:\/\/www.incoax.com\/wp-content\/uploads\/2025\/11\/shutterstock_688663867-768x512.jpg 768w, https:\/\/www.incoax.com\/wp-content\/uploads\/2025\/11\/shutterstock_688663867-300x200.jpg 300w, https:\/\/www.incoax.com\/wp-content\/uploads\/2025\/11\/shutterstock_688663867-1024x683.jpg 1024w, https:\/\/www.incoax.com\/wp-content\/uploads\/2025\/11\/shutterstock_688663867-1536x1024.jpg 1536w, https:\/\/www.incoax.com\/wp-content\/uploads\/2025\/11\/shutterstock_688663867-2048x1365.jpg 2048w, https:\/\/www.incoax.com\/wp-content\/uploads\/2025\/11\/shutterstock_688663867-600x400.jpg 600w\" sizes=\"(max-width: 768px) 100vw, 768px\" \/>\t\t\t\t\t\t\t\t<\/a>\n\t\t\t\t\t\t\t\t\t\t\t\t\t\t\t<\/div>\n\t\t\t\t<\/div>\n\t\t\t\t<div class=\"elementor-element elementor-element-cc617cd elementor-widget elementor-widget-heading\" data-id=\"cc617cd\" data-element_type=\"widget\" data-e-type=\"widget\" data-widget_type=\"heading.default\">\n\t\t\t\t<div class=\"elementor-widget-container\">\n\t\t\t\t\t<h2 class=\"elementor-heading-title elementor-size-default\"><a href=\"https:\/\/www.incoax.com\/de\/fwa-erweiterung\/\">FWA Erweiterung<\/a><\/h2>\t\t\t\t<\/div>\n\t\t\t\t<\/div>\n\t\t\t\t<\/div>\n\t\t\t\t\t<\/div>\n\t\t\t\t<\/div>\n\t\t<div class=\"elementor-element elementor-element-b3fbc72 e-flex e-con-boxed e-con e-parent\" data-id=\"b3fbc72\" data-element_type=\"container\" data-e-type=\"container\" data-settings=\"{&quot;background_background&quot;:&quot;classic&quot;}\">\n\t\t\t\t\t<div class=\"e-con-inner\">\n\t\t<div class=\"elementor-element elementor-element-7619345 e-con-full e-flex e-con e-child\" data-id=\"7619345\" data-element_type=\"container\" data-e-type=\"container\">\n\t\t\t\t<div class=\"elementor-element elementor-element-233d400 elementor-widget elementor-widget-image\" data-id=\"233d400\" data-element_type=\"widget\" data-e-type=\"widget\" data-widget_type=\"image.default\">\n\t\t\t\t<div class=\"elementor-widget-container\">\n\t\t\t\t\t\t\t\t\t\t\t\t\t\t\t\t<a href=\"https:\/\/www.incoax.com\/de\/sicher-verwaltetes-wlan\/\">\n\t\t\t\t\t\t\t<img decoding=\"async\" width=\"768\" height=\"512\" src=\"https:\/\/www.incoax.com\/wp-content\/uploads\/2025\/12\/shutterstock_2624507543-1-768x512.jpg\" class=\"attachment-medium_large size-medium_large wp-image-46486\" alt=\"\" srcset=\"https:\/\/www.incoax.com\/wp-content\/uploads\/2025\/12\/shutterstock_2624507543-1-768x512.jpg 768w, https:\/\/www.incoax.com\/wp-content\/uploads\/2025\/12\/shutterstock_2624507543-1-300x200.jpg 300w, https:\/\/www.incoax.com\/wp-content\/uploads\/2025\/12\/shutterstock_2624507543-1-1024x683.jpg 1024w, https:\/\/www.incoax.com\/wp-content\/uploads\/2025\/12\/shutterstock_2624507543-1-1536x1024.jpg 1536w, https:\/\/www.incoax.com\/wp-content\/uploads\/2025\/12\/shutterstock_2624507543-1-2048x1365.jpg 2048w, https:\/\/www.incoax.com\/wp-content\/uploads\/2025\/12\/shutterstock_2624507543-1-600x400.jpg 600w\" sizes=\"(max-width: 768px) 100vw, 768px\" \/>\t\t\t\t\t\t\t\t<\/a>\n\t\t\t\t\t\t\t\t\t\t\t\t\t\t\t<\/div>\n\t\t\t\t<\/div>\n\t\t\t\t<div class=\"elementor-element elementor-element-af67778 elementor-widget elementor-widget-heading\" data-id=\"af67778\" data-element_type=\"widget\" data-e-type=\"widget\" data-widget_type=\"heading.default\">\n\t\t\t\t<div class=\"elementor-widget-container\">\n\t\t\t\t\t<h2 class=\"elementor-heading-title elementor-size-default\"><a href=\"https:\/\/www.incoax.com\/de\/sicher-verwaltetes-wlan\/\">Sicher verwaltetes WLAN<\/a><\/h2>\t\t\t\t<\/div>\n\t\t\t\t<\/div>\n\t\t\t\t<\/div>\n\t\t<div class=\"elementor-element elementor-element-49f93af e-con-full e-flex e-con e-child\" data-id=\"49f93af\" data-element_type=\"container\" data-e-type=\"container\">\n\t\t\t\t<div class=\"elementor-element elementor-element-e647264 elementor-widget elementor-widget-image\" data-id=\"e647264\" data-element_type=\"widget\" data-e-type=\"widget\" data-widget_type=\"image.default\">\n\t\t\t\t<div class=\"elementor-widget-container\">\n\t\t\t\t\t\t\t\t\t\t\t\t\t\t\t\t<a href=\"https:\/\/www.incoax.com\/de\/home-adapters\/\">\n\t\t\t\t\t\t\t<img loading=\"lazy\" decoding=\"async\" width=\"768\" height=\"512\" src=\"https:\/\/www.incoax.com\/wp-content\/uploads\/2025\/11\/shutterstock_2350238341-768x512.jpg\" class=\"attachment-medium_large size-medium_large wp-image-45306\" alt=\"\" srcset=\"https:\/\/www.incoax.com\/wp-content\/uploads\/2025\/11\/shutterstock_2350238341-768x512.jpg 768w, https:\/\/www.incoax.com\/wp-content\/uploads\/2025\/11\/shutterstock_2350238341-300x200.jpg 300w, https:\/\/www.incoax.com\/wp-content\/uploads\/2025\/11\/shutterstock_2350238341-1024x683.jpg 1024w, https:\/\/www.incoax.com\/wp-content\/uploads\/2025\/11\/shutterstock_2350238341-1536x1024.jpg 1536w, https:\/\/www.incoax.com\/wp-content\/uploads\/2025\/11\/shutterstock_2350238341-2048x1366.jpg 2048w, https:\/\/www.incoax.com\/wp-content\/uploads\/2025\/11\/shutterstock_2350238341-600x400.jpg 600w\" sizes=\"(max-width: 768px) 100vw, 768px\" \/>\t\t\t\t\t\t\t\t<\/a>\n\t\t\t\t\t\t\t\t\t\t\t\t\t\t\t<\/div>\n\t\t\t\t<\/div>\n\t\t\t\t<div class=\"elementor-element elementor-element-d1a7548 elementor-widget elementor-widget-heading\" data-id=\"d1a7548\" data-element_type=\"widget\" data-e-type=\"widget\" data-widget_type=\"heading.default\">\n\t\t\t\t<div class=\"elementor-widget-container\">\n\t\t\t\t\t<h2 class=\"elementor-heading-title elementor-size-default\"><a href=\"https:\/\/www.incoax.com\/de\/home-adapters\/\">Home Adapters<\/a><\/h2>\t\t\t\t<\/div>\n\t\t\t\t<\/div>\n\t\t\t\t<\/div>\n\t\t\t\t\t<\/div>\n\t\t\t\t<\/div>\n\t\t<div class=\"elementor-element elementor-element-2b448b3 e-flex e-con-boxed e-con e-parent\" data-id=\"2b448b3\" data-element_type=\"container\" data-e-type=\"container\" data-settings=\"{&quot;background_background&quot;:&quot;classic&quot;}\">\n\t\t\t\t\t<div class=\"e-con-inner\">\n\t\t\t\t<div class=\"elementor-element elementor-element-5679a10 elementor-widget elementor-widget-spacer\" data-id=\"5679a10\" data-element_type=\"widget\" data-e-type=\"widget\" data-widget_type=\"spacer.default\">\n\t\t\t\t<div class=\"elementor-widget-container\">\n\t\t\t\t\t\t\t<div class=\"elementor-spacer\">\n\t\t\t<div class=\"elementor-spacer-inner\"><\/div>\n\t\t<\/div>\n\t\t\t\t\t\t<\/div>\n\t\t\t\t<\/div>\n\t\t\t\t<div class=\"elementor-element elementor-element-fb21670 elementor-widget elementor-widget-spacer\" data-id=\"fb21670\" data-element_type=\"widget\" data-e-type=\"widget\" data-widget_type=\"spacer.default\">\n\t\t\t\t<div class=\"elementor-widget-container\">\n\t\t\t\t\t\t\t<div class=\"elementor-spacer\">\n\t\t\t<div class=\"elementor-spacer-inner\"><\/div>\n\t\t<\/div>\n\t\t\t\t\t\t<\/div>\n\t\t\t\t<\/div>\n\t\t\t\t<div class=\"elementor-element elementor-element-782c21a elementor-widget elementor-widget-spacer\" data-id=\"782c21a\" data-element_type=\"widget\" data-e-type=\"widget\" data-widget_type=\"spacer.default\">\n\t\t\t\t<div class=\"elementor-widget-container\">\n\t\t\t\t\t\t\t<div class=\"elementor-spacer\">\n\t\t\t<div class=\"elementor-spacer-inner\"><\/div>\n\t\t<\/div>\n\t\t\t\t\t\t<\/div>\n\t\t\t\t<\/div>\n\t\t\t\t\t<\/div>\n\t\t\t\t<\/div>\n\t\t\t\t<\/div>\n\t\t","protected":false},"excerpt":{"rendered":"<p>Anwendungsf\u00e4lle Die InCoax-Technologie ist Backhaul-unabh\u00e4ngig und kann in mehreren Einsatzszenarien eingesetzt werden. Entdecken Sie die folgenden Anwendungsf\u00e4lle. Glasfasererweiterung FWA Erweiterung Sicher verwaltetes WLAN Home Adapters<\/p>\n","protected":false},"author":9,"featured_media":0,"parent":0,"menu_order":0,"comment_status":"closed","ping_status":"closed","template":"elementor_header_footer","meta":{"content-type":"","footnotes":""},"class_list":["post-45732","page","type-page","status-publish","hentry","entry"],"yoast_head":"<!-- This site is optimized with the Yoast SEO Premium plugin v26.1 (Yoast SEO v27.5) - https:\/\/yoast.com\/product\/yoast-seo-premium-wordpress\/ -->\n<title>Anwendungsf\u00e4lle -<\/title>\n<meta name=\"robots\" content=\"index, follow, max-snippet:-1, max-image-preview:large, max-video-preview:-1\" \/>\n<link rel=\"canonical\" href=\"https:\/\/www.incoax.com\/de\/anwendungsfaelle\/\" \/>\n<meta property=\"og:locale\" content=\"de_DE\" \/>\n<meta property=\"og:type\" content=\"article\" \/>\n<meta property=\"og:title\" content=\"Anwendungsf\u00e4lle\" \/>\n<meta property=\"og:description\" content=\"Anwendungsf\u00e4lle Die InCoax-Technologie ist Backhaul-unabh\u00e4ngig und kann in mehreren Einsatzszenarien eingesetzt werden. Entdecken Sie die folgenden\" \/>\n<meta property=\"og:url\" content=\"https:\/\/www.incoax.com\/de\/anwendungsfaelle\/\" \/>\n<meta property=\"og:site_name\" content=\"InCoax Networks\" \/>\n<meta property=\"article:modified_time\" content=\"2025-12-03T11:22:06+00:00\" \/>\n<meta property=\"og:image\" content=\"https:\/\/www.incoax.com\/wp-content\/uploads\/2025\/11\/shutterstock_1723278520-scaled.jpg\" \/>\n\t<meta property=\"og:image:width\" content=\"2560\" \/>\n\t<meta property=\"og:image:height\" content=\"1706\" \/>\n\t<meta property=\"og:image:type\" content=\"image\/jpeg\" \/>\n<meta name=\"twitter:card\" content=\"summary_large_image\" \/>\n<meta name=\"twitter:label1\" content=\"Gesch\u00e4tzte Lesezeit\" \/>\n\t<meta name=\"twitter:data1\" content=\"1\u00a0Minute\" \/>\n<script type=\"application\/ld+json\" class=\"yoast-schema-graph\">{\"@context\":\"https:\\\/\\\/schema.org\",\"@graph\":[{\"@type\":\"WebPage\",\"@id\":\"https:\\\/\\\/www.incoax.com\\\/de\\\/anwendungsfaelle\\\/\",\"url\":\"https:\\\/\\\/www.incoax.com\\\/de\\\/anwendungsfaelle\\\/\",\"name\":\"Anwendungsf\u00e4lle -\",\"isPartOf\":{\"@id\":\"https:\\\/\\\/www.incoax.com\\\/#website\"},\"primaryImageOfPage\":{\"@id\":\"https:\\\/\\\/www.incoax.com\\\/de\\\/anwendungsfaelle\\\/#primaryimage\"},\"image\":{\"@id\":\"https:\\\/\\\/www.incoax.com\\\/de\\\/anwendungsfaelle\\\/#primaryimage\"},\"thumbnailUrl\":\"https:\\\/\\\/www.incoax.com\\\/wp-content\\\/uploads\\\/2025\\\/11\\\/shutterstock_1723278520-768x512.jpg\",\"datePublished\":\"2025-11-17T10:40:59+00:00\",\"dateModified\":\"2025-12-03T11:22:06+00:00\",\"breadcrumb\":{\"@id\":\"https:\\\/\\\/www.incoax.com\\\/de\\\/anwendungsfaelle\\\/#breadcrumb\"},\"inLanguage\":\"de\",\"potentialAction\":[{\"@type\":\"ReadAction\",\"target\":[\"https:\\\/\\\/www.incoax.com\\\/de\\\/anwendungsfaelle\\\/\"]}]},{\"@type\":\"ImageObject\",\"inLanguage\":\"de\",\"@id\":\"https:\\\/\\\/www.incoax.com\\\/de\\\/anwendungsfaelle\\\/#primaryimage\",\"url\":\"https:\\\/\\\/www.incoax.com\\\/wp-content\\\/uploads\\\/2025\\\/11\\\/shutterstock_1723278520-768x512.jpg\",\"contentUrl\":\"https:\\\/\\\/www.incoax.com\\\/wp-content\\\/uploads\\\/2025\\\/11\\\/shutterstock_1723278520-768x512.jpg\"},{\"@type\":\"BreadcrumbList\",\"@id\":\"https:\\\/\\\/www.incoax.com\\\/de\\\/anwendungsfaelle\\\/#breadcrumb\",\"itemListElement\":[{\"@type\":\"ListItem\",\"position\":1,\"name\":\"Home\",\"item\":\"https:\\\/\\\/www.incoax.com\\\/de\\\/incoax\\\/\"},{\"@type\":\"ListItem\",\"position\":2,\"name\":\"Anwendungsf\u00e4lle\"}]},{\"@type\":\"WebSite\",\"@id\":\"https:\\\/\\\/www.incoax.com\\\/#website\",\"url\":\"https:\\\/\\\/www.incoax.com\\\/\",\"name\":\"InCoax\",\"description\":\"the leading MoCA-Access technology company that is engineering the future of home Gigabit access over existing coaxial networks.\",\"publisher\":{\"@id\":\"https:\\\/\\\/www.incoax.com\\\/#organization\"},\"potentialAction\":[{\"@type\":\"SearchAction\",\"target\":{\"@type\":\"EntryPoint\",\"urlTemplate\":\"https:\\\/\\\/www.incoax.com\\\/?s={search_term_string}\"},\"query-input\":{\"@type\":\"PropertyValueSpecification\",\"valueRequired\":true,\"valueName\":\"search_term_string\"}}],\"inLanguage\":\"de\"},{\"@type\":\"Organization\",\"@id\":\"https:\\\/\\\/www.incoax.com\\\/#organization\",\"name\":\"InCoax Networks AB\",\"url\":\"https:\\\/\\\/www.incoax.com\\\/\",\"logo\":{\"@type\":\"ImageObject\",\"inLanguage\":\"de\",\"@id\":\"https:\\\/\\\/www.incoax.com\\\/#\\\/schema\\\/logo\\\/image\\\/\",\"url\":\"https:\\\/\\\/www.incoax.com\\\/wp-content\\\/uploads\\\/2026\\\/02\\\/InCoax-Symbol-GA.png\",\"contentUrl\":\"https:\\\/\\\/www.incoax.com\\\/wp-content\\\/uploads\\\/2026\\\/02\\\/InCoax-Symbol-GA.png\",\"width\":600,\"height\":600,\"caption\":\"InCoax Networks AB\"},\"image\":{\"@id\":\"https:\\\/\\\/www.incoax.com\\\/#\\\/schema\\\/logo\\\/image\\\/\"},\"sameAs\":[\"https:\\\/\\\/www.linkedin.com\\\/company\\\/1184158\\\/\",\"https:\\\/\\\/www.youtube.com\\\/channel\\\/UC1_ohMN-gbFbPZ50jDxJPww\"]}]}<\/script>\n<!-- \/ Yoast SEO Premium plugin. -->","yoast_head_json":{"title":"Anwendungsf\u00e4lle -","robots":{"index":"index","follow":"follow","max-snippet":"max-snippet:-1","max-image-preview":"max-image-preview:large","max-video-preview":"max-video-preview:-1"},"canonical":"https:\/\/www.incoax.com\/de\/anwendungsfaelle\/","og_locale":"de_DE","og_type":"article","og_title":"Anwendungsf\u00e4lle","og_description":"Anwendungsf\u00e4lle Die InCoax-Technologie ist Backhaul-unabh\u00e4ngig und kann in mehreren Einsatzszenarien eingesetzt werden. Entdecken Sie die folgenden","og_url":"https:\/\/www.incoax.com\/de\/anwendungsfaelle\/","og_site_name":"InCoax Networks","article_modified_time":"2025-12-03T11:22:06+00:00","og_image":[{"width":2560,"height":1706,"url":"https:\/\/www.incoax.com\/wp-content\/uploads\/2025\/11\/shutterstock_1723278520-scaled.jpg","type":"image\/jpeg"}],"twitter_card":"summary_large_image","twitter_misc":{"Gesch\u00e4tzte Lesezeit":"1\u00a0Minute"},"schema":{"@context":"https:\/\/schema.org","@graph":[{"@type":"WebPage","@id":"https:\/\/www.incoax.com\/de\/anwendungsfaelle\/","url":"https:\/\/www.incoax.com\/de\/anwendungsfaelle\/","name":"Anwendungsf\u00e4lle -","isPartOf":{"@id":"https:\/\/www.incoax.com\/#website"},"primaryImageOfPage":{"@id":"https:\/\/www.incoax.com\/de\/anwendungsfaelle\/#primaryimage"},"image":{"@id":"https:\/\/www.incoax.com\/de\/anwendungsfaelle\/#primaryimage"},"thumbnailUrl":"https:\/\/www.incoax.com\/wp-content\/uploads\/2025\/11\/shutterstock_1723278520-768x512.jpg","datePublished":"2025-11-17T10:40:59+00:00","dateModified":"2025-12-03T11:22:06+00:00","breadcrumb":{"@id":"https:\/\/www.incoax.com\/de\/anwendungsfaelle\/#breadcrumb"},"inLanguage":"de","potentialAction":[{"@type":"ReadAction","target":["https:\/\/www.incoax.com\/de\/anwendungsfaelle\/"]}]},{"@type":"ImageObject","inLanguage":"de","@id":"https:\/\/www.incoax.com\/de\/anwendungsfaelle\/#primaryimage","url":"https:\/\/www.incoax.com\/wp-content\/uploads\/2025\/11\/shutterstock_1723278520-768x512.jpg","contentUrl":"https:\/\/www.incoax.com\/wp-content\/uploads\/2025\/11\/shutterstock_1723278520-768x512.jpg"},{"@type":"BreadcrumbList","@id":"https:\/\/www.incoax.com\/de\/anwendungsfaelle\/#breadcrumb","itemListElement":[{"@type":"ListItem","position":1,"name":"Home","item":"https:\/\/www.incoax.com\/de\/incoax\/"},{"@type":"ListItem","position":2,"name":"Anwendungsf\u00e4lle"}]},{"@type":"WebSite","@id":"https:\/\/www.incoax.com\/#website","url":"https:\/\/www.incoax.com\/","name":"InCoax","description":"the leading MoCA-Access technology company that is engineering the future of home Gigabit access over existing coaxial networks.","publisher":{"@id":"https:\/\/www.incoax.com\/#organization"},"potentialAction":[{"@type":"SearchAction","target":{"@type":"EntryPoint","urlTemplate":"https:\/\/www.incoax.com\/?s={search_term_string}"},"query-input":{"@type":"PropertyValueSpecification","valueRequired":true,"valueName":"search_term_string"}}],"inLanguage":"de"},{"@type":"Organization","@id":"https:\/\/www.incoax.com\/#organization","name":"InCoax Networks AB","url":"https:\/\/www.incoax.com\/","logo":{"@type":"ImageObject","inLanguage":"de","@id":"https:\/\/www.incoax.com\/#\/schema\/logo\/image\/","url":"https:\/\/www.incoax.com\/wp-content\/uploads\/2026\/02\/InCoax-Symbol-GA.png","contentUrl":"https:\/\/www.incoax.com\/wp-content\/uploads\/2026\/02\/InCoax-Symbol-GA.png","width":600,"height":600,"caption":"InCoax Networks AB"},"image":{"@id":"https:\/\/www.incoax.com\/#\/schema\/logo\/image\/"},"sameAs":["https:\/\/www.linkedin.com\/company\/1184158\/","https:\/\/www.youtube.com\/channel\/UC1_ohMN-gbFbPZ50jDxJPww"]}]}},"_links":{"self":[{"href":"https:\/\/www.incoax.com\/de\/wp-json\/wp\/v2\/pages\/45732","targetHints":{"allow":["GET"]}}],"collection":[{"href":"https:\/\/www.incoax.com\/de\/wp-json\/wp\/v2\/pages"}],"about":[{"href":"https:\/\/www.incoax.com\/de\/wp-json\/wp\/v2\/types\/page"}],"author":[{"embeddable":true,"href":"https:\/\/www.incoax.com\/de\/wp-json\/wp\/v2\/users\/9"}],"replies":[{"embeddable":true,"href":"https:\/\/www.incoax.com\/de\/wp-json\/wp\/v2\/comments?post=45732"}],"version-history":[{"count":37,"href":"https:\/\/www.incoax.com\/de\/wp-json\/wp\/v2\/pages\/45732\/revisions"}],"predecessor-version":[{"id":46554,"href":"https:\/\/www.incoax.com\/de\/wp-json\/wp\/v2\/pages\/45732\/revisions\/46554"}],"wp:attachment":[{"href":"https:\/\/www.incoax.com\/de\/wp-json\/wp\/v2\/media?parent=45732"}],"curies":[{"name":"wp","href":"https:\/\/api.w.org\/{rel}","templated":true}]}}